{"id":66,"date":"2021-08-26T23:29:24","date_gmt":"2021-08-26T20:29:24","guid":{"rendered":"http:\/\/www.vircon.fi\/?page_id=66"},"modified":"2022-03-08T12:02:26","modified_gmt":"2022-03-08T10:02:26","slug":"tietoja","status":"publish","type":"page","link":"https:\/\/www.vircon.fi\/","title":{"rendered":"Mit\u00e4 konsultointia tarjotaan?"},"content":{"rendered":"\n<p>Olen Arto Virtanen ja tarjoan neuvonta- ja koulutuspalveluita meriteollisuuden yrityksille sek\u00e4 oppilaitoksille. Yritykseni VIRTA Maritime Consulting Oy tarjoamat palvelut perustuvat hankkimaani yli 40 vuoden kokemukseen laivanrakennuksen eri teht\u00e4viss\u00e4. Viimeisin ty\u00f6kokemukseni usealle osa-alueelle p\u00e4tev\u00f6ityneen\u00e4 laivojen luokituslaitoksen tarkastajana antaa minulle hyv\u00e4t edellytykset tarjota konsultointia meriteollisuuden yrityksille.\u00a0Koulutukseltani olen koneenrakennusinsin\u00f6\u00f6ri ja minulla on toisena tutkintona automaatiotekniikan DI. Koulutustaustani sek\u00e4 laaja ty\u00f6kokemus laivanrakennuksessa ovat vankka perusta konsultoidessani meriteollisuuden yrityksi\u00e4 useilla tekniikan aloilla.<\/p>\n\n\n\n<figure class=\"wp-block-image size-large\"><img loading=\"lazy\" decoding=\"async\" width=\"686\" height=\"1024\" src=\"https:\/\/www.vircon.fi\/wp-content\/uploads\/2021\/08\/Arto_Virtanen-686x1024.jpg\" alt=\"\" class=\"wp-image-36\" srcset=\"https:\/\/www.vircon.fi\/wp-content\/uploads\/2021\/08\/Arto_Virtanen-686x1024.jpg 686w, https:\/\/www.vircon.fi\/wp-content\/uploads\/2021\/08\/Arto_Virtanen-201x300.jpg 201w, https:\/\/www.vircon.fi\/wp-content\/uploads\/2021\/08\/Arto_Virtanen-768x1147.jpg 768w, https:\/\/www.vircon.fi\/wp-content\/uploads\/2021\/08\/Arto_Virtanen-1028x1536.jpg 1028w, https:\/\/www.vircon.fi\/wp-content\/uploads\/2021\/08\/Arto_Virtanen-1371x2048.jpg 1371w, https:\/\/www.vircon.fi\/wp-content\/uploads\/2021\/08\/Arto_Virtanen-1568x2342.jpg 1568w, https:\/\/www.vircon.fi\/wp-content\/uploads\/2021\/08\/Arto_Virtanen.jpg 1600w\" sizes=\"auto, (max-width: 686px) 100vw, 686px\" \/><\/figure>\n\n\n\n<p>Seuraavassa on esimerkkej\u00e4 palveluista, joita voin tarjota yritykseni VIRTA Maritime Consulting Oy kautta:<\/p>\n\n\n\n<ol class=\"wp-block-list\" type=\"1\"><li><strong><u>Tuotteen tai toimittajan vaatimustenmukaisuuden arviointi<\/u><\/strong><\/li><\/ol>\n\n\n\n<p>&#8211; Selvitys tuotteen, alihankkijan tai toimittajan soveltuvuudesta yrityksen ja\/tai projektin vaatimuksiin<br>&#8211; Toimiminen yrityksen edustajana, tai kolmannen osapuolen roolissa, tuotteen tai j\u00e4rjestelm\u00e4n laadunvarmistusteht\u00e4viss\u00e4 valmistusprosessin aikana<\/p>\n\n\n\n<ol class=\"wp-block-list\" type=\"1\" start=\"2\"><li><strong><u>Projektiin liittyvien vaatimuksien arviointi tarjous- tai toimitusvaiheessa<\/u><\/strong><\/li><\/ol>\n\n\n\n<p>&#8211; Selvitys projektiin liittyvist\u00e4 laivaluokituslaitoksen s\u00e4\u00e4nt\u00f6jen vaatimuksista<br>&#8211; Osallistuminen projektiryhm\u00e4\u00e4n asiantuntijana projektin tarjousvaiheessa tai toimiminen erilaisissa teht\u00e4viss\u00e4 projektin toimitusvaiheessa<\/p>\n\n\n\n<ol class=\"wp-block-list\" type=\"1\" start=\"3\"><li><strong><u>Koulutus liittyen laivaluokituslaitoksen s\u00e4\u00e4nt\u00f6vaatimuksiin<\/u><\/strong><\/li><\/ol>\n\n\n\n<p>&#8211; Tekninen koulutus liittyen s\u00e4\u00e4nt\u00f6vaatimuksiin materiaalien, komponenttien ja j\u00e4rjestelmien luokituksessa<br>&#8211; Koulutus kohderyhm\u00e4lle, esimerkiksi suunnittelijat, hankintahenkil\u00f6st\u00f6, myyntihenkil\u00f6st\u00f6 tai toimitusprojektin vastuuhenkil\u00f6t<\/p>\n\n\n\n<figure class=\"wp-block-image size-large\"><img loading=\"lazy\" decoding=\"async\" width=\"1024\" height=\"683\" src=\"https:\/\/www.vircon.fi\/wp-content\/uploads\/2021\/09\/pexels-clem-onojeghuo-26681-1024x683.jpg\" alt=\"\" class=\"wp-image-88\" srcset=\"https:\/\/www.vircon.fi\/wp-content\/uploads\/2021\/09\/pexels-clem-onojeghuo-26681-1024x683.jpg 1024w, https:\/\/www.vircon.fi\/wp-content\/uploads\/2021\/09\/pexels-clem-onojeghuo-26681-300x200.jpg 300w, https:\/\/www.vircon.fi\/wp-content\/uploads\/2021\/09\/pexels-clem-onojeghuo-26681-768x512.jpg 768w, https:\/\/www.vircon.fi\/wp-content\/uploads\/2021\/09\/pexels-clem-onojeghuo-26681-1536x1024.jpg 1536w, https:\/\/www.vircon.fi\/wp-content\/uploads\/2021\/09\/pexels-clem-onojeghuo-26681-2048x1365.jpg 2048w\" sizes=\"auto, (max-width: 1024px) 100vw, 1024px\" \/><\/figure>\n\n\n\n<p>Olen palveluksessanne.<\/p>\n\n\n\n<p>Email Address: <a href=\"mailto:arto.virtanen@vircon.fi\">arto.virtanen@vircon.fi<\/a><\/p>\n\n\n\n<p>LinkedIn: <a href=\"https:\/\/www.linkedin.com\/in\/arto-virtanen-32a69b4\/?fromQR=1\">https:\/\/www.linkedin.com\/in\/arto-virtanen-32a69b4\/<\/a><\/p>\n","protected":false},"excerpt":{"rendered":"<p>Olen Arto Virtanen ja tarjoan neuvonta- ja koulutuspalveluita meriteollisuuden yrityksille sek\u00e4 oppilaitoksille. Yritykseni VIRTA Maritime Consulting Oy tarjoamat palvelut perustuvat hankkimaani yli 40 vuoden kokemukseen laivanrakennuksen eri teht\u00e4viss\u00e4. Viimeisin ty\u00f6kokemukseni usealle osa-alueelle p\u00e4tev\u00f6ityneen\u00e4 laivojen luokituslaitoksen tarkastajana antaa minulle hyv\u00e4t edellytykset tarjota konsultointia meriteollisuuden yrityksille.\u00a0Koulutukseltani olen koneenrakennusinsin\u00f6\u00f6ri ja minulla on toisena&#8230;<\/p>\n<p><a class=\"more-link\" href=\"https:\/\/www.vircon.fi\/\">Read More<\/a><\/p>\n","protected":false},"author":1,"featured_media":0,"parent":0,"menu_order":0,"comment_status":"closed","ping_status":"closed","template":"","meta":{"footnotes":""},"class_list":["post-66","page","type-page","status-publish","hentry"],"_links":{"self":[{"href":"https:\/\/www.vircon.fi\/index.php\/wp-json\/wp\/v2\/pages\/66","targetHints":{"allow":["GET"]}}],"collection":[{"href":"https:\/\/www.vircon.fi\/index.php\/wp-json\/wp\/v2\/pages"}],"about":[{"href":"https:\/\/www.vircon.fi\/index.php\/wp-json\/wp\/v2\/types\/page"}],"author":[{"embeddable":true,"href":"https:\/\/www.vircon.fi\/index.php\/wp-json\/wp\/v2\/users\/1"}],"replies":[{"embeddable":true,"href":"https:\/\/www.vircon.fi\/index.php\/wp-json\/wp\/v2\/comments?post=66"}],"version-history":[{"count":6,"href":"https:\/\/www.vircon.fi\/index.php\/wp-json\/wp\/v2\/pages\/66\/revisions"}],"predecessor-version":[{"id":107,"href":"https:\/\/www.vircon.fi\/index.php\/wp-json\/wp\/v2\/pages\/66\/revisions\/107"}],"wp:attachment":[{"href":"https:\/\/www.vircon.fi\/index.php\/wp-json\/wp\/v2\/media?parent=66"}],"curies":[{"name":"wp","href":"https:\/\/api.w.org\/{rel}","templated":true}]}}